{"id":252,"date":"2019-11-09T20:18:29","date_gmt":"2019-11-09T18:18:29","guid":{"rendered":"http:\/\/szegediidok.hu\/?page_id=252"},"modified":"2024-11-18T12:51:02","modified_gmt":"2024-11-18T10:51:02","slug":"kapcsolat","status":"publish","type":"page","link":"https:\/\/szegediidok.hu\/en\/kapcsolat\/","title":{"rendered":"Kapcsolat"},"content":{"rendered":"<p>&nbsp;<\/p>\n<p>K\u00f6sz\u00f6ntj\u00fck <em>A <\/em><em>Szegedi Id\u0151k<\/em> kapcsolatfelv\u00e9teli oldal\u00e1n. V\u00e1rjuk \u00fczenet\u00e9t szerda kiv\u00e9tel\u00e9vel minden h\u00e9tk\u00f6znap 9:00 \u00e9s 11:30, illetve 13:00 \u00e9s 16:00 \u00f3ra k\u00f6z\u00f6tt az al\u00e1bbi \u00edv kit\u00f6lt\u00e9se \u00fatj\u00e1n.<\/p>\n\n<div class=\"wpcf7 no-js\" id=\"wpcf7-f816-o1\" lang=\"en-US\" dir=\"ltr\" data-wpcf7-id=\"816\">\n<div class=\"screen-reader-response\"><p role=\"status\" aria-live=\"polite\" aria-atomic=\"true\"><\/p> <ul><\/ul><\/div>\n<form action=\"\/en\/wp-json\/wp\/v2\/pages\/252#wpcf7-f816-o1\" method=\"post\" class=\"wpcf7-form init\" aria-label=\"Contact form\" novalidate=\"novalidate\" data-status=\"init\" data-trp-original-action=\"\/en\/wp-json\/wp\/v2\/pages\/252#wpcf7-f816-o1\">\n<div style=\"display: none;\">\n<input type=\"hidden\" name=\"_wpcf7\" value=\"816\" \/>\n<input type=\"hidden\" name=\"_wpcf7_version\" value=\"6.0.5\" \/>\n<input type=\"hidden\" name=\"_wpcf7_locale\" value=\"en_US\" \/>\n<input type=\"hidden\" name=\"_wpcf7_unit_tag\" value=\"wpcf7-f816-o1\" \/>\n<input type=\"hidden\" name=\"_wpcf7_container_post\" value=\"0\" \/>\n<input type=\"hidden\" name=\"_wpcf7_posted_data_hash\" value=\"\" \/>\n<\/div>\n<p><label> Neve (ha van)<br \/>\n<span class=\"wpcf7-form-control-wrap\" data-name=\"your-name\"><input size=\"40\" maxlength=\"400\" class=\"wpcf7-form-control wpcf7-text\" aria-invalid=\"false\" value=\"\" type=\"text\" name=\"your-name\" \/><\/span> <\/label>\n<\/p>\n<p><label> Sz\u00fclet\u00e9si hely<br \/>\n<span class=\"wpcf7-form-control-wrap\" data-name=\"your-name\"><input size=\"40\" maxlength=\"400\" class=\"wpcf7-form-control wpcf7-text\" aria-invalid=\"false\" value=\"\" type=\"text\" name=\"your-name\" \/><\/span> <\/label>\n<\/p>\n<p><label> Sz\u00fclet\u00e9si id\u0151<br \/>\n<span class=\"wpcf7-form-control-wrap\" data-name=\"your-name\"><input size=\"40\" maxlength=\"400\" class=\"wpcf7-form-control wpcf7-text\" aria-invalid=\"false\" value=\"\" type=\"text\" name=\"your-name\" \/><\/span> <\/label>\n<\/p>\n<p><label> Anyja le\u00e1nykori neve<br \/>\n<span class=\"wpcf7-form-control-wrap\" data-name=\"your-name\"><input size=\"40\" maxlength=\"400\" class=\"wpcf7-form-control wpcf7-text\" aria-invalid=\"false\" value=\"\" type=\"text\" name=\"your-name\" \/><\/span> <\/label>\n<\/p>\n<p><label> Apja els\u0151 foglalkoz\u00e1sa<br \/>\n<span class=\"wpcf7-form-control-wrap\" data-name=\"your-name\"><input size=\"40\" maxlength=\"400\" class=\"wpcf7-form-control wpcf7-text\" aria-invalid=\"false\" value=\"\" type=\"text\" name=\"your-name\" \/><\/span> <\/label>\n<\/p>\n<p><label> Nagyb\u00e1tyja kedvenc alkoholos itala<br \/>\n<span class=\"wpcf7-form-control-wrap\" data-name=\"your-name\"><input size=\"40\" maxlength=\"400\" class=\"wpcf7-form-control wpcf7-text\" aria-invalid=\"false\" value=\"\" type=\"text\" name=\"your-name\" \/><\/span> <\/label>\n<\/p>\n<p><label> Telefonsz\u00e1ma (a nagyb\u00e1tyj\u00e1\u00e9)<br \/>\n<span class=\"wpcf7-form-control-wrap\" data-name=\"your-name\"><input size=\"40\" maxlength=\"400\" class=\"wpcf7-form-control wpcf7-text\" aria-invalid=\"false\" value=\"\" type=\"text\" name=\"your-name\" \/><\/span> <\/label>\n<\/p>\n<p><label> Levelez\u00e9si c\u00edme<br \/>\n<span class=\"wpcf7-form-control-wrap\" data-name=\"your-name\"><input size=\"40\" maxlength=\"400\" class=\"wpcf7-form-control wpcf7-text\" aria-invalid=\"false\" value=\"\" type=\"text\" name=\"your-name\" \/><\/span> <\/label>\n<\/p>\n<p><label> Elektronikus levelez\u00e9si c\u00edme<br \/>\n<span class=\"wpcf7-form-control-wrap\" data-name=\"your-email\"><input size=\"40\" maxlength=\"400\" class=\"wpcf7-form-control wpcf7-email wpcf7-text wpcf7-validates-as-email\" aria-invalid=\"false\" value=\"\" type=\"email\" name=\"your-email\" \/><\/span> <\/label>\n<\/p>\n<p><label> \u00dcgyf\u00e9lazonos\u00edt\u00f3 k\u00f3dja<br \/>\n<span class=\"wpcf7-form-control-wrap\" data-name=\"your-name\"><input size=\"40\" maxlength=\"400\" class=\"wpcf7-form-control wpcf7-text\" aria-invalid=\"false\" value=\"\" type=\"text\" name=\"your-name\" \/><\/span> <\/label>\n<\/p>\n<p><label> \u00dcgyiratsz\u00e1m<br \/>\n<span class=\"wpcf7-form-control-wrap\" data-name=\"your-name\"><input size=\"40\" maxlength=\"400\" class=\"wpcf7-form-control wpcf7-text\" aria-invalid=\"false\" value=\"\" type=\"text\" name=\"your-name\" \/><\/span> <\/label>\n<\/p>\n<p><label> Lev\u00e9lt\u00e1ri iktat\u00f3sz\u00e1m<br \/>\n<span class=\"wpcf7-form-control-wrap\" data-name=\"your-name\"><input size=\"40\" maxlength=\"400\" class=\"wpcf7-form-control wpcf7-text\" aria-invalid=\"false\" value=\"\" type=\"text\" name=\"your-name\" \/><\/span> <\/label>\n<\/p>\n<p><label>Ide k\u00fcldi a levelet:<\/label><br \/>\n<span class=\"wpcf7-form-control-wrap\" data-name=\"valaszto:\"><span class=\"wpcf7-form-control wpcf7-radio\"><span class=\"wpcf7-list-item first\"><label><input type=\"radio\" name=\"valaszto:\" value=\"Szerkeszt\u0151s\u00e9gi fax (2009 \u00f3ta nem m\u0171k\u00f6dik)\" checked=\"checked\" \/><span class=\"wpcf7-list-item-label\">Szerkeszt\u0151s\u00e9gi fax (2009 \u00f3ta nem m\u0171k\u00f6dik)<\/span><\/label><\/span><span class=\"wpcf7-list-item\"><label><input type=\"radio\" name=\"valaszto:\" value=\"Irodah\u00e1z porta (ezt ne v\u00e1lassza)\" \/><span class=\"wpcf7-list-item-label\">Irodah\u00e1z porta (ezt ne v\u00e1lassza)<\/span><\/label><\/span><span class=\"wpcf7-list-item\"><label><input type=\"radio\" name=\"valaszto:\" value=\"Nyomda\" \/><span class=\"wpcf7-list-item-label\">Nyomda<\/span><\/label><\/span><span class=\"wpcf7-list-item last\"><label><input type=\"radio\" name=\"valaszto:\" value=\"Marketing- \u00e9s HR-oszt\u00e1ly\" \/><span class=\"wpcf7-list-item-label\">Marketing- \u00e9s HR-oszt\u00e1ly<\/span><\/label><\/span><\/span><\/span>\n<\/p>\n<p><label> Lev\u00e9l t\u00e1rgya<br \/>\n<span class=\"wpcf7-form-control-wrap\" data-name=\"your-subject\"><input size=\"40\" maxlength=\"400\" class=\"wpcf7-form-control wpcf7-text\" aria-invalid=\"false\" value=\"\" type=\"text\" name=\"your-subject\" \/><\/span> <\/label>\n<\/p>\n<p><label> Lev\u00e9l \u00fczenete<br \/>\n<span class=\"wpcf7-form-control-wrap\" data-name=\"your-message\"><textarea cols=\"40\" rows=\"10\" maxlength=\"2000\" class=\"wpcf7-form-control wpcf7-textarea\" aria-invalid=\"false\" name=\"your-message\"><\/textarea><\/span> <\/label>\n<\/p>\n<p><span class=\"wpcf7-form-control-wrap\" data-name=\"acceptance-959\"><span class=\"wpcf7-form-control wpcf7-acceptance\"><span class=\"wpcf7-list-item\"><label><input type=\"checkbox\" name=\"acceptance-959\" value=\"1\" aria-invalid=\"false\" \/><span class=\"wpcf7-list-item-label\">Elfogadom a <a href=\"http:\/\/grammarware.net\/text\/syutkin\/HrefInLaTeX.pdf\" >felhaszn\u00e1l\u00e1si \u00e9s \u00fczenetk\u00fcld\u00e9si felt\u00e9teleket<\/a>.<\/span><\/label><\/span><\/span><\/span>\n<\/p>\n<p><input class=\"wpcf7-form-control wpcf7-submit has-spinner\" type=\"submit\" value=\"K\u00fcld\u00e9s\" \/>\n<\/p><div class=\"wpcf7-response-output\" aria-hidden=\"true\"><\/div>\n<input type=\"hidden\" name=\"trp-form-language\" value=\"en\"\/><\/form>\n<\/div>\n\n<p>&nbsp;<\/p>\n<p><strong><span style=\"color: #ff0000;\">Figyelem!<\/span> <\/strong>T\u00e1j\u00e9koztatjuk, hogy az \u00fczenetk\u00fcld\u0151 \u00edv meghib\u00e1sod\u00e1s miatt nem m\u0171k\u00f6dik. K\u00e9rj\u00fck, az al\u00e1bbi c\u00edmen \u00edrjon nek\u00fcnk: levelszemet@szegediidok.hu<\/p>\n<p>&nbsp;<\/p>","protected":false},"excerpt":{"rendered":"<p>&nbsp; K\u00f6sz\u00f6ntj\u00fck A Szegedi Id\u0151k kapcsolatfelv\u00e9teli oldal\u00e1n. V\u00e1rjuk \u00fczenet\u00e9t szerda kiv\u00e9tel\u00e9vel minden h\u00e9tk\u00f6znap 9:00 \u00e9s 11:30, illetve 13:00 \u00e9s 16:00 \u00f3ra k\u00f6z\u00f6tt az al\u00e1bbi \u00edv&#8230;<\/p>","protected":false},"author":1,"featured_media":0,"parent":0,"menu_order":0,"comment_status":"closed","ping_status":"closed","template":"","meta":{"footnotes":""},"class_list":["post-252","page","type-page","status-publish","hentry","entry","rows-excerpt"],"_links":{"self":[{"href":"https:\/\/szegediidok.hu\/en\/wp-json\/wp\/v2\/pages\/252","targetHints":{"allow":["GET"]}}],"collection":[{"href":"https:\/\/szegediidok.hu\/en\/wp-json\/wp\/v2\/pages"}],"about":[{"href":"https:\/\/szegediidok.hu\/en\/wp-json\/wp\/v2\/types\/page"}],"author":[{"embeddable":true,"href":"https:\/\/szegediidok.hu\/en\/wp-json\/wp\/v2\/users\/1"}],"replies":[{"embeddable":true,"href":"https:\/\/szegediidok.hu\/en\/wp-json\/wp\/v2\/comments?post=252"}],"version-history":[{"count":11,"href":"https:\/\/szegediidok.hu\/en\/wp-json\/wp\/v2\/pages\/252\/revisions"}],"predecessor-version":[{"id":2132,"href":"https:\/\/szegediidok.hu\/en\/wp-json\/wp\/v2\/pages\/252\/revisions\/2132"}],"wp:attachment":[{"href":"https:\/\/szegediidok.hu\/en\/wp-json\/wp\/v2\/media?parent=252"}],"curies":[{"name":"wp","href":"https:\/\/api.w.org\/{rel}","templated":true}]}}