{"id":246,"date":"2019-11-09T20:12:30","date_gmt":"2019-11-09T18:12:30","guid":{"rendered":"http:\/\/szegediidok.hu\/?page_id=246"},"modified":"2024-11-18T12:51:09","modified_gmt":"2024-11-18T10:51:09","slug":"karrier","status":"publish","type":"page","link":"https:\/\/szegediidok.hu\/en\/karrier\/","title":{"rendered":"Karrier"},"content":{"rendered":"<p>&nbsp;<\/p>\n<p>&nbsp;<\/p>\n<p>&nbsp;<\/p>\n<p style=\"text-align: center;\"><span style=\"color: #333333;\">Jelentkez\u00e9s\u00e9t v\u00e1rjuk a levelszemet@szegediidok.hu e-mail-c\u00edmre!<\/span><\/p>\n<p>&nbsp;<\/p>\n<p>&nbsp;<\/p>\n<p>&nbsp;<\/p>\n<p>&nbsp;<\/p>","protected":false},"excerpt":{"rendered":"<p>&nbsp; &nbsp; &nbsp; Jelentkez\u00e9s\u00e9t v\u00e1rjuk a levelszemet@szegediidok.hu e-mail-c\u00edmre! &nbsp; &nbsp; &nbsp; &nbsp;<\/p>","protected":false},"author":1,"featured_media":0,"parent":0,"menu_order":0,"comment_status":"closed","ping_status":"closed","template":"","meta":{"footnotes":""},"class_list":["post-246","page","type-page","status-publish","hentry","entry","rows-excerpt"],"_links":{"self":[{"href":"https:\/\/szegediidok.hu\/en\/wp-json\/wp\/v2\/pages\/246","targetHints":{"allow":["GET"]}}],"collection":[{"href":"https:\/\/szegediidok.hu\/en\/wp-json\/wp\/v2\/pages"}],"about":[{"href":"https:\/\/szegediidok.hu\/en\/wp-json\/wp\/v2\/types\/page"}],"author":[{"embeddable":true,"href":"https:\/\/szegediidok.hu\/en\/wp-json\/wp\/v2\/users\/1"}],"replies":[{"embeddable":true,"href":"https:\/\/szegediidok.hu\/en\/wp-json\/wp\/v2\/comments?post=246"}],"version-history":[{"count":5,"href":"https:\/\/szegediidok.hu\/en\/wp-json\/wp\/v2\/pages\/246\/revisions"}],"predecessor-version":[{"id":2133,"href":"https:\/\/szegediidok.hu\/en\/wp-json\/wp\/v2\/pages\/246\/revisions\/2133"}],"wp:attachment":[{"href":"https:\/\/szegediidok.hu\/en\/wp-json\/wp\/v2\/media?parent=246"}],"curies":[{"name":"wp","href":"https:\/\/api.w.org\/{rel}","templated":true}]}}